{"id":336,"date":"2022-02-22T21:39:28","date_gmt":"2022-02-23T04:39:28","guid":{"rendered":"https:\/\/bonafrut.com\/?page_id=336"},"modified":"2022-02-28T11:11:09","modified_gmt":"2022-02-28T18:11:09","slug":"sandia","status":"publish","type":"page","link":"https:\/\/bonafrut.com\/en\/sandia\/","title":{"rendered":"Watermelon"},"content":{"rendered":"<div data-elementor-type=\"wp-page\" data-elementor-id=\"336\" class=\"elementor elementor-336\">\n\t\t\t\t\t\t\t\t\t<section class=\"elementor-section elementor-top-section elementor-element elementor-element-4de09ad elementor-section-stretched elementor-section-boxed elementor-section-height-default elementor-section-height-default\" data-id=\"4de09ad\" data-element_type=\"section\" data-settings=\"{&quot;stretch_section&quot;:&quot;section-stretched&quot;,&quot;jet_parallax_layout_list&quot;:[],&quot;background_background&quot;:&quot;classic&quot;}\">\n\t\t\t\t\t\t<div class=\"elementor-container elementor-column-gap-default\">\n\t\t\t\t\t<div class=\"elementor-column elementor-col-100 elementor-top-column elementor-element elementor-element-a311e9b\" data-id=\"a311e9b\" data-element_type=\"column\">\n\t\t\t<div class=\"elementor-widget-wrap elementor-element-populated\">\n\t\t\t\t\t\t\t\t<div class=\"elementor-element elementor-element-b42318b elementor-widget elementor-widget-heading\" data-id=\"b42318b\" data-element_type=\"widget\" data-widget_type=\"heading.default\">\n\t\t\t\t<div class=\"elementor-widget-container\">\n\t\t\t<style>\/*! elementor - v3.15.0 - 09-08-2023 *\/\n.elementor-heading-title{padding:0;margin:0;line-height:1}.elementor-widget-heading .elementor-heading-title[class*=elementor-size-]>a{color:inherit;font-size:inherit;line-height:inherit}.elementor-widget-heading .elementor-heading-title.elementor-size-small{font-size:15px}.elementor-widget-heading .elementor-heading-title.elementor-size-medium{font-size:19px}.elementor-widget-heading .elementor-heading-title.elementor-size-large{font-size:29px}.elementor-widget-heading .elementor-heading-title.elementor-size-xl{font-size:39px}.elementor-widget-heading .elementor-heading-title.elementor-size-xxl{font-size:59px}<\/style><h2 class=\"elementor-heading-title elementor-size-default\">Watermelon<\/h2>\t\t<\/div>\n\t\t\t\t<\/div>\n\t\t\t\t<div class=\"elementor-element elementor-element-c69d77a elementor-widget elementor-widget-heading\" data-id=\"c69d77a\" data-element_type=\"widget\" data-widget_type=\"heading.default\">\n\t\t\t\t<div class=\"elementor-widget-container\">\n\t\t\t<h2 class=\"elementor-heading-title elementor-size-default\">Products<\/h2>\t\t<\/div>\n\t\t\t\t<\/div>\n\t\t\t\t\t<\/div>\n\t\t<\/div>\n\t\t\t\t\t\t\t<\/div>\n\t\t<\/section>\n\t\t\t\t<section class=\"elementor-section elementor-top-section elementor-element elementor-element-81996b2 elementor-section-boxed elementor-section-height-default elementor-section-height-default\" data-id=\"81996b2\" data-element_type=\"section\" data-settings=\"{&quot;jet_parallax_layout_list&quot;:[]}\">\n\t\t\t\t\t\t<div class=\"elementor-container elementor-column-gap-default\">\n\t\t\t\t\t<div class=\"elementor-column elementor-col-50 elementor-top-column elementor-element elementor-element-e436799\" data-id=\"e436799\" data-element_type=\"column\">\n\t\t\t<div class=\"elementor-widget-wrap elementor-element-populated\">\n\t\t\t\t\t\t\t\t<div class=\"elementor-element elementor-element-183570f elementor-widget elementor-widget-image\" data-id=\"183570f\" data-element_type=\"widget\" data-widget_type=\"image.default\">\n\t\t\t\t<div class=\"elementor-widget-container\">\n\t\t\t<style>\/*! elementor - v3.15.0 - 09-08-2023 *\/\n.elementor-widget-image{text-align:center}.elementor-widget-image a{display:inline-block}.elementor-widget-image a img[src$=\".svg\"]{width:48px}.elementor-widget-image img{vertical-align:middle;display:inline-block}<\/style>\t\t\t\t\t\t\t\t\t\t\t\t<img loading=\"lazy\" decoding=\"async\" width=\"600\" height=\"400\" src=\"https:\/\/bonafrut.com\/wp-content\/uploads\/2022\/02\/productos_sandia_bonafrut.jpg\" class=\"attachment-full size-full wp-image-223\" alt=\"\" srcset=\"https:\/\/bonafrut.com\/wp-content\/uploads\/2022\/02\/productos_sandia_bonafrut.jpg 600w, https:\/\/bonafrut.com\/wp-content\/uploads\/2022\/02\/productos_sandia_bonafrut-300x200.jpg 300w\" sizes=\"auto, (max-width: 600px) 100vw, 600px\" \/>\t\t\t\t\t\t\t\t\t\t\t\t\t\t\t<\/div>\n\t\t\t\t<\/div>\n\t\t\t\t\t<\/div>\n\t\t<\/div>\n\t\t\t\t<div class=\"elementor-column elementor-col-50 elementor-top-column elementor-element elementor-element-cd29346\" data-id=\"cd29346\" data-element_type=\"column\">\n\t\t\t<div class=\"elementor-widget-wrap elementor-element-populated\">\n\t\t\t\t\t\t\t\t<div class=\"elementor-element elementor-element-d4da920 elementor-widget elementor-widget-heading\" data-id=\"d4da920\" data-element_type=\"widget\" data-widget_type=\"heading.default\">\n\t\t\t\t<div class=\"elementor-widget-container\">\n\t\t\t<h2 class=\"elementor-heading-title elementor-size-default\">Watermelon<\/h2>\t\t<\/div>\n\t\t\t\t<\/div>\n\t\t\t\t<div class=\"elementor-element elementor-element-5fe8ac8 elementor-icon-list--layout-traditional elementor-list-item-link-full_width elementor-widget elementor-widget-icon-list\" data-id=\"5fe8ac8\" data-element_type=\"widget\" data-widget_type=\"icon-list.default\">\n\t\t\t\t<div class=\"elementor-widget-container\">\n\t\t\t<link rel=\"stylesheet\" href=\"https:\/\/bonafrut.com\/wp-content\/plugins\/elementor\/assets\/css\/widget-icon-list.min.css\">\t\t<ul class=\"elementor-icon-list-items\">\n\t\t\t\t\t\t\t<li class=\"elementor-icon-list-item\">\n\t\t\t\t\t\t\t\t\t\t\t<span class=\"elementor-icon-list-icon\">\n\t\t\t\t\t\t\t<i aria-hidden=\"true\" class=\"fas fa-chevron-right\"><\/i>\t\t\t\t\t\t<\/span>\n\t\t\t\t\t\t\t\t\t\t<span class=\"elementor-icon-list-text\">With seed<\/span>\n\t\t\t\t\t\t\t\t\t<\/li>\n\t\t\t\t\t\t\t\t<li class=\"elementor-icon-list-item\">\n\t\t\t\t\t\t\t\t\t\t\t<span class=\"elementor-icon-list-icon\">\n\t\t\t\t\t\t\t<i aria-hidden=\"true\" class=\"fas fa-chevron-right\"><\/i>\t\t\t\t\t\t<\/span>\n\t\t\t\t\t\t\t\t\t\t<span class=\"elementor-icon-list-text\">Seedless<\/span>\n\t\t\t\t\t\t\t\t\t<\/li>\n\t\t\t\t\t\t<\/ul>\n\t\t\t\t<\/div>\n\t\t\t\t<\/div>\n\t\t\t\t\t<\/div>\n\t\t<\/div>\n\t\t\t\t\t\t\t<\/div>\n\t\t<\/section>\n\t\t\t\t<section class=\"elementor-section elementor-top-section elementor-element elementor-element-236e900 elementor-section-full_width elementor-section-height-default elementor-section-height-default\" data-id=\"236e900\" data-element_type=\"section\" data-settings=\"{&quot;jet_parallax_layout_list&quot;:[]}\">\n\t\t\t\t\t\t<div class=\"elementor-container elementor-column-gap-default\">\n\t\t\t\t\t<div class=\"elementor-column elementor-col-100 elementor-top-column elementor-element elementor-element-2f6af36\" data-id=\"2f6af36\" data-element_type=\"column\">\n\t\t\t<div class=\"elementor-widget-wrap elementor-element-populated\">\n\t\t\t\t\t\t\t\t<div class=\"elementor-element elementor-element-166c243 elementor-widget elementor-widget-jet-images-layout\" data-id=\"166c243\" data-element_type=\"widget\" data-settings=\"{&quot;columns&quot;:&quot;4&quot;,&quot;columns_tablet&quot;:&quot;3&quot;,&quot;columns_mobile&quot;:&quot;2&quot;}\" data-widget_type=\"jet-images-layout.default\">\n\t\t\t\t<div class=\"elementor-widget-container\">\n\t\t\t<div class=\"elementor-jet-images-layout jet-elements\">\n<div class=\"jet-images-layout layout-type-masonry\" data-settings='{\"layoutType\":\"masonry\",\"justifyHeight\":300}'>\n\t<div class=\"jet-images-layout__list salvattore column-desktop-4 column-tablet-3 column-mobile-2\" data-columns>\n<div class=\"jet-images-layout__item\">\n\t<div class=\"jet-images-layout__inner\">\n\t\t<div class=\"jet-images-layout__image-loader\"><span><\/span><\/div>\n\t\t<a class=\"jet-images-layout__link\" href=\"https:\/\/bonafrut.com\/wp-content\/uploads\/2022\/02\/sandia_bonafrut_1.jpg\" data-elementor-open-lightbox=\"yes\" data-elementor-lightbox-slideshow=\"166c243\">\n\t\t\t<div class=\"jet-images-layout__image\">\n\t\t\t\t<img decoding=\"async\" class=\"jet-images-layout__image-instance\" src=\"https:\/\/bonafrut.com\/wp-content\/uploads\/2022\/02\/sandia_bonafrut_1.jpg\" alt=\"Sand\u00eda Bonafrut\" loading=\"lazy\">\t\t\t<\/div>\n\t\t\t<div class=\"jet-images-layout__content\"><h4 class=\"jet-images-layout__title\">Watermelon<\/h4><div class=\"jet-images-layout__desc\">Bonafrut<\/div><\/div>\n\t\t<\/a>\n\t<\/div>\n<\/div>\n<div class=\"jet-images-layout__item\">\n\t<div class=\"jet-images-layout__inner\">\n\t\t<div class=\"jet-images-layout__image-loader\"><span><\/span><\/div>\n\t\t<a class=\"jet-images-layout__link\" href=\"https:\/\/bonafrut.com\/wp-content\/uploads\/2022\/02\/sandia_bonafrut_2.jpg\" data-elementor-open-lightbox=\"yes\" data-elementor-lightbox-slideshow=\"166c243\">\n\t\t\t<div class=\"jet-images-layout__image\">\n\t\t\t\t<img decoding=\"async\" class=\"jet-images-layout__image-instance\" src=\"https:\/\/bonafrut.com\/wp-content\/uploads\/2022\/02\/sandia_bonafrut_2.jpg\" alt=\"Sand\u00eda Bonafrut\" loading=\"lazy\">\t\t\t<\/div>\n\t\t\t<div class=\"jet-images-layout__content\"><h4 class=\"jet-images-layout__title\">Watermelon<\/h4><div class=\"jet-images-layout__desc\">Bonafrut<\/div><\/div>\n\t\t<\/a>\n\t<\/div>\n<\/div>\n<div class=\"jet-images-layout__item\">\n\t<div class=\"jet-images-layout__inner\">\n\t\t<div class=\"jet-images-layout__image-loader\"><span><\/span><\/div>\n\t\t<a class=\"jet-images-layout__link\" href=\"https:\/\/bonafrut.com\/wp-content\/uploads\/2022\/02\/sandia_bonafrut_3.jpg\" data-elementor-open-lightbox=\"yes\" data-elementor-lightbox-slideshow=\"166c243\">\n\t\t\t<div class=\"jet-images-layout__image\">\n\t\t\t\t<img decoding=\"async\" class=\"jet-images-layout__image-instance\" src=\"https:\/\/bonafrut.com\/wp-content\/uploads\/2022\/02\/sandia_bonafrut_3.jpg\" alt=\"Sand\u00eda Bonafrut\" loading=\"lazy\">\t\t\t<\/div>\n\t\t\t<div class=\"jet-images-layout__content\"><h4 class=\"jet-images-layout__title\">Watermelon<\/h4><div class=\"jet-images-layout__desc\">Bonafrut<\/div><\/div>\n\t\t<\/a>\n\t<\/div>\n<\/div>\n<div class=\"jet-images-layout__item\">\n\t<div class=\"jet-images-layout__inner\">\n\t\t<div class=\"jet-images-layout__image-loader\"><span><\/span><\/div>\n\t\t<a class=\"jet-images-layout__link\" href=\"https:\/\/bonafrut.com\/wp-content\/uploads\/2022\/02\/sandia_bonafrut_4.jpg\" data-elementor-open-lightbox=\"yes\" data-elementor-lightbox-slideshow=\"166c243\">\n\t\t\t<div class=\"jet-images-layout__image\">\n\t\t\t\t<img decoding=\"async\" class=\"jet-images-layout__image-instance\" src=\"https:\/\/bonafrut.com\/wp-content\/uploads\/2022\/02\/sandia_bonafrut_4.jpg\" alt=\"Sand\u00eda Bonafrut\" loading=\"lazy\">\t\t\t<\/div>\n\t\t\t<div class=\"jet-images-layout__content\"><h4 class=\"jet-images-layout__title\">Watermelon<\/h4><div class=\"jet-images-layout__desc\">Bonafrut<\/div><\/div>\n\t\t<\/a>\n\t<\/div>\n<\/div>\n<\/div><\/div>\n<\/div>\t\t<\/div>\n\t\t\t\t<\/div>\n\t\t\t\t\t<\/div>\n\t\t<\/div>\n\t\t\t\t\t\t\t<\/div>\n\t\t<\/section>\n\t\t\t\t\t\t\t<\/div>","protected":false},"excerpt":{"rendered":"<p>Sand\u00eda Productos Sand\u00eda Con semilla Sin semilla Sand\u00eda Bonafrut Sand\u00eda Bonafrut Sand\u00eda Bonafrut Sand\u00eda Bonafrut<\/p>","protected":false},"author":2,"featured_media":0,"parent":0,"menu_order":0,"comment_status":"closed","ping_status":"closed","template":"elementor_header_footer","meta":{"footnotes":""},"class_list":["post-336","page","type-page","status-publish","hentry"],"acf":[],"yoast_head":"<!-- This site is optimized with the Yoast SEO plugin v20.13 - https:\/\/yoast.com\/wordpress\/plugins\/seo\/ -->\n<title>Sand\u00eda - Bonafrut<\/title>\n<meta name=\"robots\" content=\"index, follow, max-snippet:-1, max-image-preview:large, max-video-preview:-1\" \/>\n<link rel=\"canonical\" href=\"https:\/\/bonafrut.com\/en\/sandia\/\" \/>\n<meta property=\"og:locale\" content=\"en_US\" \/>\n<meta property=\"og:type\" content=\"article\" \/>\n<meta property=\"og:title\" content=\"Sand\u00eda - Bonafrut\" \/>\n<meta property=\"og:description\" content=\"Sand\u00eda Productos Sand\u00eda Con semilla Sin semilla Sand\u00eda Bonafrut Sand\u00eda Bonafrut Sand\u00eda Bonafrut Sand\u00eda Bonafrut\" \/>\n<meta property=\"og:url\" content=\"https:\/\/bonafrut.com\/en\/sandia\/\" \/>\n<meta property=\"og:site_name\" content=\"Bonafrut\" \/>\n<meta property=\"article:modified_time\" content=\"2022-02-28T18:11:09+00:00\" \/>\n<meta property=\"og:image\" content=\"https:\/\/bonafrut.com\/wp-content\/uploads\/2022\/02\/productos_sandia_bonafrut.jpg\" \/>\n<meta name=\"twitter:card\" content=\"summary_large_image\" \/>\n<script type=\"application\/ld+json\" class=\"yoast-schema-graph\">{\"@context\":\"https:\/\/schema.org\",\"@graph\":[{\"@type\":\"WebPage\",\"@id\":\"https:\/\/bonafrut.com\/sandia\/\",\"url\":\"https:\/\/bonafrut.com\/sandia\/\",\"name\":\"Sand\u00eda - Bonafrut\",\"isPartOf\":{\"@id\":\"https:\/\/bonafrut.com\/#website\"},\"datePublished\":\"2022-02-23T04:39:28+00:00\",\"dateModified\":\"2022-02-28T18:11:09+00:00\",\"breadcrumb\":{\"@id\":\"https:\/\/bonafrut.com\/sandia\/#breadcrumb\"},\"inLanguage\":\"en-US\",\"potentialAction\":[{\"@type\":\"ReadAction\",\"target\":[\"https:\/\/bonafrut.com\/sandia\/\"]}]},{\"@type\":\"BreadcrumbList\",\"@id\":\"https:\/\/bonafrut.com\/sandia\/#breadcrumb\",\"itemListElement\":[{\"@type\":\"ListItem\",\"position\":1,\"name\":\"Inicio\",\"item\":\"https:\/\/bonafrut.com\/\"},{\"@type\":\"ListItem\",\"position\":2,\"name\":\"Sand\u00eda\"}]},{\"@type\":\"WebSite\",\"@id\":\"https:\/\/bonafrut.com\/#website\",\"url\":\"https:\/\/bonafrut.com\/\",\"name\":\"Bonafrut\",\"description\":\"Producci\u00f3n de Frutas y Hortalizas\",\"potentialAction\":[{\"@type\":\"SearchAction\",\"target\":{\"@type\":\"EntryPoint\",\"urlTemplate\":\"https:\/\/bonafrut.com\/?s={search_term_string}\"},\"query-input\":\"required name=search_term_string\"}],\"inLanguage\":\"en-US\"}]}<\/script>\n<!-- \/ Yoast SEO plugin. -->","yoast_head_json":{"title":"Sand\u00eda - Bonafrut","robots":{"index":"index","follow":"follow","max-snippet":"max-snippet:-1","max-image-preview":"max-image-preview:large","max-video-preview":"max-video-preview:-1"},"canonical":"https:\/\/bonafrut.com\/en\/sandia\/","og_locale":"en_US","og_type":"article","og_title":"Sand\u00eda - Bonafrut","og_description":"Sand\u00eda Productos Sand\u00eda Con semilla Sin semilla Sand\u00eda Bonafrut Sand\u00eda Bonafrut Sand\u00eda Bonafrut Sand\u00eda Bonafrut","og_url":"https:\/\/bonafrut.com\/en\/sandia\/","og_site_name":"Bonafrut","article_modified_time":"2022-02-28T18:11:09+00:00","og_image":[{"url":"https:\/\/bonafrut.com\/wp-content\/uploads\/2022\/02\/productos_sandia_bonafrut.jpg"}],"twitter_card":"summary_large_image","schema":{"@context":"https:\/\/schema.org","@graph":[{"@type":"WebPage","@id":"https:\/\/bonafrut.com\/sandia\/","url":"https:\/\/bonafrut.com\/sandia\/","name":"Sand\u00eda - Bonafrut","isPartOf":{"@id":"https:\/\/bonafrut.com\/#website"},"datePublished":"2022-02-23T04:39:28+00:00","dateModified":"2022-02-28T18:11:09+00:00","breadcrumb":{"@id":"https:\/\/bonafrut.com\/sandia\/#breadcrumb"},"inLanguage":"en-US","potentialAction":[{"@type":"ReadAction","target":["https:\/\/bonafrut.com\/sandia\/"]}]},{"@type":"BreadcrumbList","@id":"https:\/\/bonafrut.com\/sandia\/#breadcrumb","itemListElement":[{"@type":"ListItem","position":1,"name":"Inicio","item":"https:\/\/bonafrut.com\/"},{"@type":"ListItem","position":2,"name":"Sand\u00eda"}]},{"@type":"WebSite","@id":"https:\/\/bonafrut.com\/#website","url":"https:\/\/bonafrut.com\/","name":"Bonafrut","description":"Producci\u00f3n de Frutas y Hortalizas","potentialAction":[{"@type":"SearchAction","target":{"@type":"EntryPoint","urlTemplate":"https:\/\/bonafrut.com\/?s={search_term_string}"},"query-input":"required name=search_term_string"}],"inLanguage":"en-US"}]}},"_links":{"self":[{"href":"https:\/\/bonafrut.com\/en\/wp-json\/wp\/v2\/pages\/336","targetHints":{"allow":["GET"]}}],"collection":[{"href":"https:\/\/bonafrut.com\/en\/wp-json\/wp\/v2\/pages"}],"about":[{"href":"https:\/\/bonafrut.com\/en\/wp-json\/wp\/v2\/types\/page"}],"author":[{"embeddable":true,"href":"https:\/\/bonafrut.com\/en\/wp-json\/wp\/v2\/users\/2"}],"replies":[{"embeddable":true,"href":"https:\/\/bonafrut.com\/en\/wp-json\/wp\/v2\/comments?post=336"}],"version-history":[{"count":25,"href":"https:\/\/bonafrut.com\/en\/wp-json\/wp\/v2\/pages\/336\/revisions"}],"predecessor-version":[{"id":612,"href":"https:\/\/bonafrut.com\/en\/wp-json\/wp\/v2\/pages\/336\/revisions\/612"}],"wp:attachment":[{"href":"https:\/\/bonafrut.com\/en\/wp-json\/wp\/v2\/media?parent=336"}],"curies":[{"name":"wp","href":"https:\/\/api.w.org\/{rel}","templated":true}]}}