{"id":263,"date":"2022-02-22T16:53:22","date_gmt":"2022-02-22T23:53:22","guid":{"rendered":"https:\/\/bonafrut.com\/?page_id=263"},"modified":"2022-02-23T14:08:53","modified_gmt":"2022-02-23T21:08:53","slug":"nosotros","status":"publish","type":"page","link":"https:\/\/bonafrut.com\/en\/nosotros\/","title":{"rendered":"About us"},"content":{"rendered":"<div data-elementor-type=\"wp-page\" data-elementor-id=\"263\" class=\"elementor elementor-263\">\n\t\t\t\t\t\t\t\t\t<section class=\"elementor-section elementor-top-section elementor-element elementor-element-84bf19c elementor-section-boxed elementor-section-height-default elementor-section-height-default\" data-id=\"84bf19c\" data-element_type=\"section\" data-settings=\"{&quot;jet_parallax_layout_list&quot;:[],&quot;background_background&quot;:&quot;classic&quot;}\">\n\t\t\t\t\t\t<div class=\"elementor-container elementor-column-gap-default\">\n\t\t\t\t\t<div class=\"elementor-column elementor-col-100 elementor-top-column elementor-element elementor-element-25d01f8\" data-id=\"25d01f8\" data-element_type=\"column\">\n\t\t\t<div class=\"elementor-widget-wrap elementor-element-populated\">\n\t\t\t\t\t\t\t\t<div class=\"elementor-element elementor-element-69529f1 elementor-widget elementor-widget-heading\" data-id=\"69529f1\" data-element_type=\"widget\" data-widget_type=\"heading.default\">\n\t\t\t\t<div class=\"elementor-widget-container\">\n\t\t\t<style>\/*! elementor - v3.15.0 - 09-08-2023 *\/\n.elementor-heading-title{padding:0;margin:0;line-height:1}.elementor-widget-heading .elementor-heading-title[class*=elementor-size-]>a{color:inherit;font-size:inherit;line-height:inherit}.elementor-widget-heading .elementor-heading-title.elementor-size-small{font-size:15px}.elementor-widget-heading .elementor-heading-title.elementor-size-medium{font-size:19px}.elementor-widget-heading .elementor-heading-title.elementor-size-large{font-size:29px}.elementor-widget-heading .elementor-heading-title.elementor-size-xl{font-size:39px}.elementor-widget-heading .elementor-heading-title.elementor-size-xxl{font-size:59px}<\/style><h2 class=\"elementor-heading-title elementor-size-default\">About us<\/h2>\t\t<\/div>\n\t\t\t\t<\/div>\n\t\t\t\t<div class=\"elementor-element elementor-element-af6dada elementor-widget elementor-widget-heading\" data-id=\"af6dada\" data-element_type=\"widget\" data-widget_type=\"heading.default\">\n\t\t\t\t<div class=\"elementor-widget-container\">\n\t\t\t<h2 class=\"elementor-heading-title elementor-size-default\">Who we are<\/h2>\t\t<\/div>\n\t\t\t\t<\/div>\n\t\t\t\t\t<\/div>\n\t\t<\/div>\n\t\t\t\t\t\t\t<\/div>\n\t\t<\/section>\n\t\t\t\t<section class=\"elementor-section elementor-top-section elementor-element elementor-element-b411cc8 elementor-section-boxed elementor-section-height-default elementor-section-height-default\" data-id=\"b411cc8\" data-element_type=\"section\" data-settings=\"{&quot;jet_parallax_layout_list&quot;:[]}\">\n\t\t\t\t\t\t<div class=\"elementor-container elementor-column-gap-default\">\n\t\t\t\t\t<div class=\"elementor-column elementor-col-50 elementor-top-column elementor-element elementor-element-fe76f29\" data-id=\"fe76f29\" data-element_type=\"column\">\n\t\t\t<div class=\"elementor-widget-wrap elementor-element-populated\">\n\t\t\t\t\t\t\t\t<div class=\"elementor-element elementor-element-f631639 elementor-widget elementor-widget-image\" data-id=\"f631639\" data-element_type=\"widget\" data-widget_type=\"image.default\">\n\t\t\t\t<div class=\"elementor-widget-container\">\n\t\t\t<style>\/*! elementor - v3.15.0 - 09-08-2023 *\/\n.elementor-widget-image{text-align:center}.elementor-widget-image a{display:inline-block}.elementor-widget-image a img[src$=\".svg\"]{width:48px}.elementor-widget-image img{vertical-align:middle;display:inline-block}<\/style>\t\t\t\t\t\t\t\t\t\t\t\t<img loading=\"lazy\" decoding=\"async\" width=\"21\" height=\"54\" src=\"https:\/\/bonafrut.com\/wp-content\/uploads\/2022\/02\/icono_web_bonafrut.png\" class=\"attachment-full size-full wp-image-65\" alt=\"\" \/>\t\t\t\t\t\t\t\t\t\t\t\t\t\t\t<\/div>\n\t\t\t\t<\/div>\n\t\t\t\t<div class=\"elementor-element elementor-element-f77e5fa elementor-widget elementor-widget-heading\" data-id=\"f77e5fa\" data-element_type=\"widget\" data-widget_type=\"heading.default\">\n\t\t\t\t<div class=\"elementor-widget-container\">\n\t\t\t<h2 class=\"elementor-heading-title elementor-size-default\">Know us <span style=\"font-weight: 700;\">from<\/span><\/h2>\t\t<\/div>\n\t\t\t\t<\/div>\n\t\t\t\t<div class=\"elementor-element elementor-element-be64fe4 elementor-widget elementor-widget-heading\" data-id=\"be64fe4\" data-element_type=\"widget\" data-widget_type=\"heading.default\">\n\t\t\t\t<div class=\"elementor-widget-container\">\n\t\t\t<h2 class=\"elementor-heading-title elementor-size-default\"><span style=\"font-weight: 700;\">the<\/span> roots<\/h2>\t\t<\/div>\n\t\t\t\t<\/div>\n\t\t\t\t<div class=\"elementor-element elementor-element-105fb60 elementor-widget elementor-widget-text-editor\" data-id=\"105fb60\" data-element_type=\"widget\" data-widget_type=\"text-editor.default\">\n\t\t\t\t<div class=\"elementor-widget-container\">\n\t\t\t<style>\/*! elementor - v3.15.0 - 09-08-2023 *\/\n.elementor-widget-text-editor.elementor-drop-cap-view-stacked .elementor-drop-cap{background-color:#69727d;color:#fff}.elementor-widget-text-editor.elementor-drop-cap-view-framed .elementor-drop-cap{color:#69727d;border:3px solid;background-color:transparent}.elementor-widget-text-editor:not(.elementor-drop-cap-view-default) .elementor-drop-cap{margin-top:8px}.elementor-widget-text-editor:not(.elementor-drop-cap-view-default) .elementor-drop-cap-letter{width:1em;height:1em}.elementor-widget-text-editor .elementor-drop-cap{float:left;text-align:center;line-height:1;font-size:50px}.elementor-widget-text-editor .elementor-drop-cap-letter{display:inline-block}<\/style>\t\t\t\t<p>We strive to produce the best products with the best quality to meet the needs of our customers.<\/p><p>We have the best facilities for the proper and careful post-harvest handling of our products and thus preserve quality and safety, always adhering to our manuals of good manufacturing practices and packaging safety.<\/p><p>BONAFRUT S.P.R. of R.L. It is a company that was formally established in 2007, however it is a family business that has been operating since 2000.<\/p><p>At first, he started planting only seedless watermelons for export and with seed for the national market and husk tomatoes (tomatillos), but over time he added winter squash to his annual production plan to offer his customers. a larger variety of products including butternut, spaghetti, acorn and kabocha.<\/p><p>Later, it was decided to add to its production an annual plan of hot peppers, among which are jalape\u00f1os, Caribes, serranos, anaheim and poblanos, as well as an area for tender pumpkins (summer squash) such as zucchini, yellow and gray.<\/p>\t\t\t\t\t\t<\/div>\n\t\t\t\t<\/div>\n\t\t\t\t\t<\/div>\n\t\t<\/div>\n\t\t\t\t<div class=\"elementor-column elementor-col-50 elementor-top-column elementor-element elementor-element-d4254e4\" data-id=\"d4254e4\" data-element_type=\"column\">\n\t\t\t<div class=\"elementor-widget-wrap elementor-element-populated\">\n\t\t\t\t\t\t\t\t<div class=\"elementor-element elementor-element-370cff6 elementor-widget elementor-widget-image\" data-id=\"370cff6\" data-element_type=\"widget\" data-widget_type=\"image.default\">\n\t\t\t\t<div class=\"elementor-widget-container\">\n\t\t\t\t\t\t\t\t\t\t\t\t\t\t\t<img loading=\"lazy\" decoding=\"async\" width=\"700\" height=\"933\" src=\"https:\/\/bonafrut.com\/wp-content\/uploads\/2022\/02\/quienes_somos_img_1.jpg\" class=\"attachment-full size-full wp-image-289\" alt=\"\" srcset=\"https:\/\/bonafrut.com\/wp-content\/uploads\/2022\/02\/quienes_somos_img_1.jpg 700w, https:\/\/bonafrut.com\/wp-content\/uploads\/2022\/02\/quienes_somos_img_1-225x300.jpg 225w\" sizes=\"auto, (max-width: 700px) 100vw, 700px\" \/>\t\t\t\t\t\t\t\t\t\t\t\t\t\t\t<\/div>\n\t\t\t\t<\/div>\n\t\t\t\t\t<\/div>\n\t\t<\/div>\n\t\t\t\t\t\t\t<\/div>\n\t\t<\/section>\n\t\t\t\t<section class=\"elementor-section elementor-top-section elementor-element elementor-element-bb5420f elementor-section-boxed elementor-section-height-default elementor-section-height-default\" data-id=\"bb5420f\" data-element_type=\"section\" data-settings=\"{&quot;jet_parallax_layout_list&quot;:[]}\">\n\t\t\t\t\t\t<div class=\"elementor-container elementor-column-gap-default\">\n\t\t\t\t\t<div class=\"elementor-column elementor-col-33 elementor-top-column elementor-element elementor-element-d134a07\" data-id=\"d134a07\" data-element_type=\"column\">\n\t\t\t<div class=\"elementor-widget-wrap elementor-element-populated\">\n\t\t\t\t\t\t\t\t<div class=\"elementor-element elementor-element-652c29d elementor-position-left elementor-vertical-align-bottom elementor-widget elementor-widget-image-box\" data-id=\"652c29d\" data-element_type=\"widget\" data-widget_type=\"image-box.default\">\n\t\t\t\t<div class=\"elementor-widget-container\">\n\t\t\t<style>\/*! elementor - v3.15.0 - 09-08-2023 *\/\n.elementor-widget-image-box .elementor-image-box-content{width:100%}@media (min-width:768px){.elementor-widget-image-box.elementor-position-left .elementor-image-box-wrapper,.elementor-widget-image-box.elementor-position-right .elementor-image-box-wrapper{display:flex}.elementor-widget-image-box.elementor-position-right .elementor-image-box-wrapper{text-align:right;flex-direction:row-reverse}.elementor-widget-image-box.elementor-position-left .elementor-image-box-wrapper{text-align:left;flex-direction:row}.elementor-widget-image-box.elementor-position-top .elementor-image-box-img{margin:auto}.elementor-widget-image-box.elementor-vertical-align-top .elementor-image-box-wrapper{align-items:flex-start}.elementor-widget-image-box.elementor-vertical-align-middle .elementor-image-box-wrapper{align-items:center}.elementor-widget-image-box.elementor-vertical-align-bottom .elementor-image-box-wrapper{align-items:flex-end}}@media (max-width:767px){.elementor-widget-image-box .elementor-image-box-img{margin-left:auto!important;margin-right:auto!important;margin-bottom:15px}}.elementor-widget-image-box .elementor-image-box-img{display:inline-block}.elementor-widget-image-box .elementor-image-box-title a{color:inherit}.elementor-widget-image-box .elementor-image-box-wrapper{text-align:center}.elementor-widget-image-box .elementor-image-box-description{margin:0}<\/style><div class=\"elementor-image-box-wrapper\"><figure class=\"elementor-image-box-img\"><img loading=\"lazy\" decoding=\"async\" width=\"65\" height=\"65\" src=\"https:\/\/bonafrut.com\/wp-content\/uploads\/2022\/02\/icon_mision.png\" class=\"attachment-full size-full wp-image-145\" alt=\"\" \/><\/figure><div class=\"elementor-image-box-content\"><h3 class=\"elementor-image-box-title\">Mission<\/h3><\/div><\/div>\t\t<\/div>\n\t\t\t\t<\/div>\n\t\t\t\t<div class=\"elementor-element elementor-element-0859982 elementor-widget elementor-widget-text-editor\" data-id=\"0859982\" data-element_type=\"widget\" data-widget_type=\"text-editor.default\">\n\t\t\t\t<div class=\"elementor-widget-container\">\n\t\t\t\t\t\t\t<p>Produce high quality fresh vegetables to meet the needs of the market to which our products are destined, thus achieving position ourselves as a quality company which meets the expectations of consumers by producing not only high quality products, but also, as a socially committed company offering healthy products, thus achieving total customer satisfaction.<\/p>\t\t\t\t\t\t<\/div>\n\t\t\t\t<\/div>\n\t\t\t\t\t<\/div>\n\t\t<\/div>\n\t\t\t\t<div class=\"elementor-column elementor-col-33 elementor-top-column elementor-element elementor-element-4a68e04\" data-id=\"4a68e04\" data-element_type=\"column\">\n\t\t\t<div class=\"elementor-widget-wrap elementor-element-populated\">\n\t\t\t\t\t\t\t\t<div class=\"elementor-element elementor-element-c2e4b09 elementor-position-left elementor-vertical-align-bottom elementor-widget elementor-widget-image-box\" data-id=\"c2e4b09\" data-element_type=\"widget\" data-widget_type=\"image-box.default\">\n\t\t\t\t<div class=\"elementor-widget-container\">\n\t\t\t<div class=\"elementor-image-box-wrapper\"><figure class=\"elementor-image-box-img\"><img loading=\"lazy\" decoding=\"async\" width=\"65\" height=\"65\" src=\"https:\/\/bonafrut.com\/wp-content\/uploads\/2022\/02\/icon_vision.png\" class=\"attachment-full size-full wp-image-156\" alt=\"\" \/><\/figure><div class=\"elementor-image-box-content\"><h3 class=\"elementor-image-box-title\">Vision<\/h3><\/div><\/div>\t\t<\/div>\n\t\t\t\t<\/div>\n\t\t\t\t<div class=\"elementor-element elementor-element-b0f8d20 elementor-widget elementor-widget-text-editor\" data-id=\"b0f8d20\" data-element_type=\"widget\" data-widget_type=\"text-editor.default\">\n\t\t\t\t<div class=\"elementor-widget-container\">\n\t\t\t\t\t\t\tAchieve recognition as a socially responsible agricultural company which meets the expectations of national and international markets, thanks to product diversification and compliance with the needs of different consumers, positioning ourselves as a competitive company in different markets.\t\t\t\t\t\t<\/div>\n\t\t\t\t<\/div>\n\t\t\t\t\t<\/div>\n\t\t<\/div>\n\t\t\t\t<div class=\"elementor-column elementor-col-33 elementor-top-column elementor-element elementor-element-eedf82e\" data-id=\"eedf82e\" data-element_type=\"column\">\n\t\t\t<div class=\"elementor-widget-wrap elementor-element-populated\">\n\t\t\t\t\t\t\t\t<div class=\"elementor-element elementor-element-845204e elementor-position-left elementor-vertical-align-bottom elementor-widget elementor-widget-image-box\" data-id=\"845204e\" data-element_type=\"widget\" data-widget_type=\"image-box.default\">\n\t\t\t\t<div class=\"elementor-widget-container\">\n\t\t\t<div class=\"elementor-image-box-wrapper\"><figure class=\"elementor-image-box-img\"><img loading=\"lazy\" decoding=\"async\" width=\"65\" height=\"65\" src=\"https:\/\/bonafrut.com\/wp-content\/uploads\/2022\/02\/icon_valores.png\" class=\"attachment-full size-full wp-image-162\" alt=\"\" \/><\/figure><div class=\"elementor-image-box-content\"><h3 class=\"elementor-image-box-title\">Values<\/h3><\/div><\/div>\t\t<\/div>\n\t\t\t\t<\/div>\n\t\t\t\t<div class=\"elementor-element elementor-element-9df8e68 elementor-widget elementor-widget-text-editor\" data-id=\"9df8e68\" data-element_type=\"widget\" data-widget_type=\"text-editor.default\">\n\t\t\t\t<div class=\"elementor-widget-container\">\n\t\t\t\t\t\t\t<ul><li>Honesty.<\/li><li>Compromise.<\/li><li>Enthusiasm.<\/li><li>Quality.<\/li><li>Teamwork.<\/li><li>Social responsability.<\/li><\/ul>\t\t\t\t\t\t<\/div>\n\t\t\t\t<\/div>\n\t\t\t\t\t<\/div>\n\t\t<\/div>\n\t\t\t\t\t\t\t<\/div>\n\t\t<\/section>\n\t\t\t\t<section class=\"elementor-section elementor-top-section elementor-element elementor-element-1f602a9 elementor-section-stretched elementor-section-boxed elementor-section-height-default elementor-section-height-default\" data-id=\"1f602a9\" data-element_type=\"section\" data-settings=\"{&quot;stretch_section&quot;:&quot;section-stretched&quot;,&quot;jet_parallax_layout_list&quot;:[],&quot;background_background&quot;:&quot;classic&quot;}\">\n\t\t\t\t\t\t<div class=\"elementor-container elementor-column-gap-default\">\n\t\t\t\t\t<div class=\"elementor-column elementor-col-100 elementor-top-column elementor-element elementor-element-a7fd07f\" data-id=\"a7fd07f\" data-element_type=\"column\">\n\t\t\t<div class=\"elementor-widget-wrap elementor-element-populated\">\n\t\t\t\t\t\t\t\t<div class=\"elementor-element elementor-element-d9a9f0e elementor-widget elementor-widget-heading\" data-id=\"d9a9f0e\" data-element_type=\"widget\" data-widget_type=\"heading.default\">\n\t\t\t\t<div class=\"elementor-widget-container\">\n\t\t\t<h2 class=\"elementor-heading-title elementor-size-default\">We have <span style=\"font-weight: 700;\">the best machinery<\/span> for handling our crops.<\/h2>\t\t<\/div>\n\t\t\t\t<\/div>\n\t\t\t\t\t<\/div>\n\t\t<\/div>\n\t\t\t\t\t\t\t<\/div>\n\t\t<\/section>\n\t\t\t\t\t\t\t<\/div>","protected":false},"excerpt":{"rendered":"<p>Nosotros Qui\u00e9nes somos Con\u00f3cenos desde la ra\u00edz Nos esforzamos por producir los mejores productos con la mejor calidad para satisfacer las necesidades de nuestros clientes. Contamos con las mejores instalaciones para el adecuado y cuidadoso manejo postcosecha de nuestros productos y as\u00ed preservar la calidad e inocuidad apegandose siempre a nuestros manuales de buenas practicas [&hellip;]<\/p>","protected":false},"author":2,"featured_media":0,"parent":0,"menu_order":0,"comment_status":"closed","ping_status":"closed","template":"elementor_header_footer","meta":{"footnotes":""},"class_list":["post-263","page","type-page","status-publish","hentry"],"acf":[],"yoast_head":"<!-- This site is optimized with the Yoast SEO plugin v20.13 - https:\/\/yoast.com\/wordpress\/plugins\/seo\/ -->\n<title>Nosotros - Bonafrut<\/title>\n<meta name=\"robots\" content=\"index, follow, max-snippet:-1, max-image-preview:large, max-video-preview:-1\" \/>\n<link rel=\"canonical\" href=\"https:\/\/bonafrut.com\/en\/nosotros\/\" \/>\n<meta property=\"og:locale\" content=\"en_US\" \/>\n<meta property=\"og:type\" content=\"article\" \/>\n<meta property=\"og:title\" content=\"Nosotros - Bonafrut\" \/>\n<meta property=\"og:description\" content=\"Nosotros Qui\u00e9nes somos Con\u00f3cenos desde la ra\u00edz Nos esforzamos por producir los mejores productos con la mejor calidad para satisfacer las necesidades de nuestros clientes. Contamos con las mejores instalaciones para el adecuado y cuidadoso manejo postcosecha de nuestros productos y as\u00ed preservar la calidad e inocuidad apegandose siempre a nuestros manuales de buenas practicas [&hellip;]\" \/>\n<meta property=\"og:url\" content=\"https:\/\/bonafrut.com\/en\/nosotros\/\" \/>\n<meta property=\"og:site_name\" content=\"Bonafrut\" \/>\n<meta property=\"article:modified_time\" content=\"2022-02-23T21:08:53+00:00\" \/>\n<meta property=\"og:image\" content=\"https:\/\/bonafrut.com\/wp-content\/uploads\/2022\/02\/icono_web_bonafrut.png\" \/>\n<meta name=\"twitter:card\" content=\"summary_large_image\" \/>\n<meta name=\"twitter:label1\" content=\"Est. reading time\" \/>\n\t<meta name=\"twitter:data1\" content=\"2 minutes\" \/>\n<script type=\"application\/ld+json\" class=\"yoast-schema-graph\">{\"@context\":\"https:\/\/schema.org\",\"@graph\":[{\"@type\":\"WebPage\",\"@id\":\"https:\/\/bonafrut.com\/nosotros\/\",\"url\":\"https:\/\/bonafrut.com\/nosotros\/\",\"name\":\"Nosotros - Bonafrut\",\"isPartOf\":{\"@id\":\"https:\/\/bonafrut.com\/#website\"},\"datePublished\":\"2022-02-22T23:53:22+00:00\",\"dateModified\":\"2022-02-23T21:08:53+00:00\",\"breadcrumb\":{\"@id\":\"https:\/\/bonafrut.com\/nosotros\/#breadcrumb\"},\"inLanguage\":\"en-US\",\"potentialAction\":[{\"@type\":\"ReadAction\",\"target\":[\"https:\/\/bonafrut.com\/nosotros\/\"]}]},{\"@type\":\"BreadcrumbList\",\"@id\":\"https:\/\/bonafrut.com\/nosotros\/#breadcrumb\",\"itemListElement\":[{\"@type\":\"ListItem\",\"position\":1,\"name\":\"Inicio\",\"item\":\"https:\/\/bonafrut.com\/\"},{\"@type\":\"ListItem\",\"position\":2,\"name\":\"Nosotros\"}]},{\"@type\":\"WebSite\",\"@id\":\"https:\/\/bonafrut.com\/#website\",\"url\":\"https:\/\/bonafrut.com\/\",\"name\":\"Bonafrut\",\"description\":\"Producci\u00f3n de Frutas y Hortalizas\",\"potentialAction\":[{\"@type\":\"SearchAction\",\"target\":{\"@type\":\"EntryPoint\",\"urlTemplate\":\"https:\/\/bonafrut.com\/?s={search_term_string}\"},\"query-input\":\"required name=search_term_string\"}],\"inLanguage\":\"en-US\"}]}<\/script>\n<!-- \/ Yoast SEO plugin. -->","yoast_head_json":{"title":"Nosotros - Bonafrut","robots":{"index":"index","follow":"follow","max-snippet":"max-snippet:-1","max-image-preview":"max-image-preview:large","max-video-preview":"max-video-preview:-1"},"canonical":"https:\/\/bonafrut.com\/en\/nosotros\/","og_locale":"en_US","og_type":"article","og_title":"Nosotros - Bonafrut","og_description":"Nosotros Qui\u00e9nes somos Con\u00f3cenos desde la ra\u00edz Nos esforzamos por producir los mejores productos con la mejor calidad para satisfacer las necesidades de nuestros clientes. Contamos con las mejores instalaciones para el adecuado y cuidadoso manejo postcosecha de nuestros productos y as\u00ed preservar la calidad e inocuidad apegandose siempre a nuestros manuales de buenas practicas [&hellip;]","og_url":"https:\/\/bonafrut.com\/en\/nosotros\/","og_site_name":"Bonafrut","article_modified_time":"2022-02-23T21:08:53+00:00","og_image":[{"url":"https:\/\/bonafrut.com\/wp-content\/uploads\/2022\/02\/icono_web_bonafrut.png"}],"twitter_card":"summary_large_image","twitter_misc":{"Est. reading time":"2 minutes"},"schema":{"@context":"https:\/\/schema.org","@graph":[{"@type":"WebPage","@id":"https:\/\/bonafrut.com\/nosotros\/","url":"https:\/\/bonafrut.com\/nosotros\/","name":"Nosotros - Bonafrut","isPartOf":{"@id":"https:\/\/bonafrut.com\/#website"},"datePublished":"2022-02-22T23:53:22+00:00","dateModified":"2022-02-23T21:08:53+00:00","breadcrumb":{"@id":"https:\/\/bonafrut.com\/nosotros\/#breadcrumb"},"inLanguage":"en-US","potentialAction":[{"@type":"ReadAction","target":["https:\/\/bonafrut.com\/nosotros\/"]}]},{"@type":"BreadcrumbList","@id":"https:\/\/bonafrut.com\/nosotros\/#breadcrumb","itemListElement":[{"@type":"ListItem","position":1,"name":"Inicio","item":"https:\/\/bonafrut.com\/"},{"@type":"ListItem","position":2,"name":"Nosotros"}]},{"@type":"WebSite","@id":"https:\/\/bonafrut.com\/#website","url":"https:\/\/bonafrut.com\/","name":"Bonafrut","description":"Producci\u00f3n de Frutas y Hortalizas","potentialAction":[{"@type":"SearchAction","target":{"@type":"EntryPoint","urlTemplate":"https:\/\/bonafrut.com\/?s={search_term_string}"},"query-input":"required name=search_term_string"}],"inLanguage":"en-US"}]}},"_links":{"self":[{"href":"https:\/\/bonafrut.com\/en\/wp-json\/wp\/v2\/pages\/263","targetHints":{"allow":["GET"]}}],"collection":[{"href":"https:\/\/bonafrut.com\/en\/wp-json\/wp\/v2\/pages"}],"about":[{"href":"https:\/\/bonafrut.com\/en\/wp-json\/wp\/v2\/types\/page"}],"author":[{"embeddable":true,"href":"https:\/\/bonafrut.com\/en\/wp-json\/wp\/v2\/users\/2"}],"replies":[{"embeddable":true,"href":"https:\/\/bonafrut.com\/en\/wp-json\/wp\/v2\/comments?post=263"}],"version-history":[{"count":31,"href":"https:\/\/bonafrut.com\/en\/wp-json\/wp\/v2\/pages\/263\/revisions"}],"predecessor-version":[{"id":554,"href":"https:\/\/bonafrut.com\/en\/wp-json\/wp\/v2\/pages\/263\/revisions\/554"}],"wp:attachment":[{"href":"https:\/\/bonafrut.com\/en\/wp-json\/wp\/v2\/media?parent=263"}],"curies":[{"name":"wp","href":"https:\/\/api.w.org\/{rel}","templated":true}]}}